{"id":2593,"date":"2025-04-01T19:13:34","date_gmt":"2025-04-01T18:13:34","guid":{"rendered":"https:\/\/www.beautyinstitut.ch\/%d0%bb%d0%b5%d1%87%d0%b5%d0%bd%d0%b8%d0%b5\/"},"modified":"2025-04-08T23:08:40","modified_gmt":"2025-04-08T22:08:40","slug":"%d0%bb%d0%b5%d1%87%d0%b5%d0%bd%d0%b8%d0%b5","status":"publish","type":"page","link":"https:\/\/www.beautyinstitut.ch\/ru\/%d0%bb%d0%b5%d1%87%d0%b5%d0%bd%d0%b8%d0%b5\/","title":{"rendered":"\u041b\u0435\u0447\u0435\u043d\u0438\u0435"},"content":{"rendered":"","protected":false},"excerpt":{"rendered":"","protected":false},"author":1,"featured_media":0,"parent":0,"menu_order":0,"comment_status":"closed","ping_status":"closed","template":"","meta":{"footnotes":""},"class_list":["post-2593","page","type-page","status-publish","hentry"],"aioseo_notices":[],"aioseo_head":"\n\t\t<!-- All in One SEO Pro 4.9.1 - aioseo.com -->\n\t<meta name=\"robots\" content=\"max-image-preview:large\" \/>\n\t<meta name=\"yandex-verification\" content=\"7d216b8a4dc08d84\" \/>\n\t<link rel=\"canonical\" href=\"https:\/\/www.beautyinstitut.ch\/ru\/%d0%bb%d0%b5%d1%87%d0%b5%d0%bd%d0%b8%d0%b5\/\" \/>\n\t<meta name=\"generator\" content=\"All in One SEO Pro (AIOSEO) 4.9.1\" \/>\n\t\t<meta property=\"og:locale\" content=\"ru_RU\" \/>\n\t\t<meta property=\"og:site_name\" content=\"Beauty Institut Z\u00fcrich Seefeld -\" \/>\n\t\t<meta property=\"og:type\" content=\"article\" \/>\n\t\t<meta property=\"og:title\" content=\"\u041b\u0435\u0447\u0435\u043d\u0438\u0435 - Beauty Institut Z\u00fcrich Seefeld\" \/>\n\t\t<meta property=\"og:url\" content=\"https:\/\/www.beautyinstitut.ch\/ru\/%d0%bb%d0%b5%d1%87%d0%b5%d0%bd%d0%b8%d0%b5\/\" \/>\n\t\t<meta property=\"og:image\" content=\"https:\/\/www.beautyinstitut.ch\/wp-content\/uploads\/2025\/03\/strachi_image_of_a_russian_woman_with_a_thoughtful_expression_0228e6ef-2663-4d04-9cf0-8ea086aa2066_2.png\" \/>\n\t\t<meta property=\"og:image:secure_url\" content=\"https:\/\/www.beautyinstitut.ch\/wp-content\/uploads\/2025\/03\/strachi_image_of_a_russian_woman_with_a_thoughtful_expression_0228e6ef-2663-4d04-9cf0-8ea086aa2066_2.png\" \/>\n\t\t<meta property=\"og:image:width\" content=\"1344\" \/>\n\t\t<meta property=\"og:image:height\" content=\"896\" \/>\n\t\t<meta property=\"article:published_time\" content=\"2025-04-01T18:13:34+00:00\" \/>\n\t\t<meta property=\"article:modified_time\" content=\"2025-04-08T22:08:40+00:00\" \/>\n\t\t<meta property=\"article:publisher\" content=\"https:\/\/www.facebook.com\/beautyinstitutzuerich\/\" \/>\n\t\t<meta name=\"twitter:card\" content=\"summary_large_image\" \/>\n\t\t<meta name=\"twitter:title\" content=\"\u041b\u0435\u0447\u0435\u043d\u0438\u0435 - Beauty Institut Z\u00fcrich Seefeld\" \/>\n\t\t<meta name=\"twitter:image\" content=\"https:\/\/www.beautyinstitut.ch\/wp-content\/uploads\/2025\/03\/strachi_image_of_a_russian_woman_with_a_thoughtful_expression_0228e6ef-2663-4d04-9cf0-8ea086aa2066_2.png\" \/>\n\t\t<script type=\"application\/ld+json\" class=\"aioseo-schema\">\n\t\t\t{\"@context\":\"https:\\\/\\\/schema.org\",\"@graph\":[{\"@type\":\"BreadcrumbList\",\"@id\":\"https:\\\/\\\/www.beautyinstitut.ch\\\/ru\\\/%d0%bb%d0%b5%d1%87%d0%b5%d0%bd%d0%b8%d0%b5\\\/#breadcrumblist\",\"itemListElement\":[{\"@type\":\"ListItem\",\"@id\":\"https:\\\/\\\/www.beautyinstitut.ch\\\/ru\\\/#listItem\",\"position\":2,\"name\":\"Home\",\"item\":\"https:\\\/\\\/www.beautyinstitut.ch\\\/ru\\\/\",\"nextItem\":{\"@type\":\"ListItem\",\"@id\":\"https:\\\/\\\/www.beautyinstitut.ch\\\/ru\\\/%d0%bb%d0%b5%d1%87%d0%b5%d0%bd%d0%b8%d0%b5\\\/#listItem\",\"name\":\"\\u041b\\u0435\\u0447\\u0435\\u043d\\u0438\\u0435\"},\"previousItem\":{\"@type\":\"ListItem\",\"@id\":\"#listItem\",\"name\":\"Beauty\"}},{\"@type\":\"ListItem\",\"@id\":\"https:\\\/\\\/www.beautyinstitut.ch\\\/ru\\\/%d0%bb%d0%b5%d1%87%d0%b5%d0%bd%d0%b8%d0%b5\\\/#listItem\",\"position\":3,\"name\":\"\\u041b\\u0435\\u0447\\u0435\\u043d\\u0438\\u0435\",\"previousItem\":{\"@type\":\"ListItem\",\"@id\":\"https:\\\/\\\/www.beautyinstitut.ch\\\/ru\\\/#listItem\",\"name\":\"Home\"}}]},{\"@type\":\"Organization\",\"@id\":\"https:\\\/\\\/www.beautyinstitut.ch\\\/ru\\\/#organization\",\"name\":\"Beauty Institut Z\\u00fcrich\",\"description\":\"Apparative Kosmetik, K\\u00f6rperformung &amp; \\u00e4sthetische Behandlungen auf h\\u00f6chstem Niveau \\u2013 professionell &amp; diskret in Z\\u00fcrich. Jetzt Termin vereinbaren!\",\"url\":\"https:\\\/\\\/www.beautyinstitut.ch\\\/ru\\\/\",\"telephone\":\"+41791353535\",\"logo\":{\"@type\":\"ImageObject\",\"url\":\"https:\\\/\\\/www.beautyinstitut.ch\\\/wp-content\\\/uploads\\\/2024\\\/10\\\/android-chrome-512x512-1.webp\",\"@id\":\"https:\\\/\\\/www.beautyinstitut.ch\\\/ru\\\/%d0%bb%d0%b5%d1%87%d0%b5%d0%bd%d0%b8%d0%b5\\\/#organizationLogo\",\"width\":512,\"height\":512},\"image\":{\"@id\":\"https:\\\/\\\/www.beautyinstitut.ch\\\/ru\\\/%d0%bb%d0%b5%d1%87%d0%b5%d0%bd%d0%b8%d0%b5\\\/#organizationLogo\"},\"sameAs\":[\"https:\\\/\\\/www.facebook.com\\\/beautyinstitutzuerich\\\/\",\"https:\\\/\\\/www.instagram.com\\\/beautyinstitut.ch\\\/\"]},{\"@type\":\"WebPage\",\"@id\":\"https:\\\/\\\/www.beautyinstitut.ch\\\/ru\\\/%d0%bb%d0%b5%d1%87%d0%b5%d0%bd%d0%b8%d0%b5\\\/#webpage\",\"url\":\"https:\\\/\\\/www.beautyinstitut.ch\\\/ru\\\/%d0%bb%d0%b5%d1%87%d0%b5%d0%bd%d0%b8%d0%b5\\\/\",\"name\":\"\\u041b\\u0435\\u0447\\u0435\\u043d\\u0438\\u0435 - Beauty Institut Z\\u00fcrich Seefeld\",\"inLanguage\":\"ru-RU\",\"isPartOf\":{\"@id\":\"https:\\\/\\\/www.beautyinstitut.ch\\\/ru\\\/#website\"},\"breadcrumb\":{\"@id\":\"https:\\\/\\\/www.beautyinstitut.ch\\\/ru\\\/%d0%bb%d0%b5%d1%87%d0%b5%d0%bd%d0%b8%d0%b5\\\/#breadcrumblist\"},\"datePublished\":\"2025-04-01T19:13:34+01:00\",\"dateModified\":\"2025-04-08T23:08:40+01:00\"},{\"@type\":\"WebSite\",\"@id\":\"https:\\\/\\\/www.beautyinstitut.ch\\\/ru\\\/#website\",\"url\":\"https:\\\/\\\/www.beautyinstitut.ch\\\/ru\\\/\",\"name\":\"Beauty Institut Z\\u00fcrich Seefeld\",\"inLanguage\":\"ru-RU\",\"publisher\":{\"@id\":\"https:\\\/\\\/www.beautyinstitut.ch\\\/ru\\\/#organization\"}}]}\n\t\t<\/script>\n\t\t<!-- All in One SEO Pro -->\r\n\t\t<title>\u041b\u0435\u0447\u0435\u043d\u0438\u0435 - Beauty Institut Z\u00fcrich Seefeld<\/title>\n\n","aioseo_head_json":{"title":"\u041b\u0435\u0447\u0435\u043d\u0438\u0435 - Beauty Institut Z\u00fcrich Seefeld","description":"","canonical_url":"https:\/\/www.beautyinstitut.ch\/ru\/%d0%bb%d0%b5%d1%87%d0%b5%d0%bd%d0%b8%d0%b5\/","robots":"max-image-preview:large","keywords":"","webmasterTools":{"yandex-verification":"7d216b8a4dc08d84","miscellaneous":""},"schema":{"@context":"https:\/\/schema.org","@graph":[{"@type":"BreadcrumbList","@id":"https:\/\/www.beautyinstitut.ch\/ru\/%d0%bb%d0%b5%d1%87%d0%b5%d0%bd%d0%b8%d0%b5\/#breadcrumblist","itemListElement":[{"@type":"ListItem","@id":"https:\/\/www.beautyinstitut.ch\/ru\/#listItem","position":2,"name":"Home","item":"https:\/\/www.beautyinstitut.ch\/ru\/","nextItem":{"@type":"ListItem","@id":"https:\/\/www.beautyinstitut.ch\/ru\/%d0%bb%d0%b5%d1%87%d0%b5%d0%bd%d0%b8%d0%b5\/#listItem","name":"\u041b\u0435\u0447\u0435\u043d\u0438\u0435"},"previousItem":{"@type":"ListItem","@id":"#listItem","name":"Beauty"}},{"@type":"ListItem","@id":"https:\/\/www.beautyinstitut.ch\/ru\/%d0%bb%d0%b5%d1%87%d0%b5%d0%bd%d0%b8%d0%b5\/#listItem","position":3,"name":"\u041b\u0435\u0447\u0435\u043d\u0438\u0435","previousItem":{"@type":"ListItem","@id":"https:\/\/www.beautyinstitut.ch\/ru\/#listItem","name":"Home"}}]},{"@type":"Organization","@id":"https:\/\/www.beautyinstitut.ch\/ru\/#organization","name":"Beauty Institut Z\u00fcrich","description":"Apparative Kosmetik, K\u00f6rperformung &amp; \u00e4sthetische Behandlungen auf h\u00f6chstem Niveau \u2013 professionell &amp; diskret in Z\u00fcrich. Jetzt Termin vereinbaren!","url":"https:\/\/www.beautyinstitut.ch\/ru\/","telephone":"+41791353535","logo":{"@type":"ImageObject","url":"https:\/\/www.beautyinstitut.ch\/wp-content\/uploads\/2024\/10\/android-chrome-512x512-1.webp","@id":"https:\/\/www.beautyinstitut.ch\/ru\/%d0%bb%d0%b5%d1%87%d0%b5%d0%bd%d0%b8%d0%b5\/#organizationLogo","width":512,"height":512},"image":{"@id":"https:\/\/www.beautyinstitut.ch\/ru\/%d0%bb%d0%b5%d1%87%d0%b5%d0%bd%d0%b8%d0%b5\/#organizationLogo"},"sameAs":["https:\/\/www.facebook.com\/beautyinstitutzuerich\/","https:\/\/www.instagram.com\/beautyinstitut.ch\/"]},{"@type":"WebPage","@id":"https:\/\/www.beautyinstitut.ch\/ru\/%d0%bb%d0%b5%d1%87%d0%b5%d0%bd%d0%b8%d0%b5\/#webpage","url":"https:\/\/www.beautyinstitut.ch\/ru\/%d0%bb%d0%b5%d1%87%d0%b5%d0%bd%d0%b8%d0%b5\/","name":"\u041b\u0435\u0447\u0435\u043d\u0438\u0435 - Beauty Institut Z\u00fcrich Seefeld","inLanguage":"ru-RU","isPartOf":{"@id":"https:\/\/www.beautyinstitut.ch\/ru\/#website"},"breadcrumb":{"@id":"https:\/\/www.beautyinstitut.ch\/ru\/%d0%bb%d0%b5%d1%87%d0%b5%d0%bd%d0%b8%d0%b5\/#breadcrumblist"},"datePublished":"2025-04-01T19:13:34+01:00","dateModified":"2025-04-08T23:08:40+01:00"},{"@type":"WebSite","@id":"https:\/\/www.beautyinstitut.ch\/ru\/#website","url":"https:\/\/www.beautyinstitut.ch\/ru\/","name":"Beauty Institut Z\u00fcrich Seefeld","inLanguage":"ru-RU","publisher":{"@id":"https:\/\/www.beautyinstitut.ch\/ru\/#organization"}}]},"og:locale":"ru_RU","og:site_name":"Beauty Institut Z\u00fcrich Seefeld -","og:type":"article","og:title":"\u041b\u0435\u0447\u0435\u043d\u0438\u0435 - Beauty Institut Z\u00fcrich Seefeld","og:url":"https:\/\/www.beautyinstitut.ch\/ru\/%d0%bb%d0%b5%d1%87%d0%b5%d0%bd%d0%b8%d0%b5\/","og:image":"https:\/\/www.beautyinstitut.ch\/wp-content\/uploads\/2025\/03\/strachi_image_of_a_russian_woman_with_a_thoughtful_expression_0228e6ef-2663-4d04-9cf0-8ea086aa2066_2.png","og:image:secure_url":"https:\/\/www.beautyinstitut.ch\/wp-content\/uploads\/2025\/03\/strachi_image_of_a_russian_woman_with_a_thoughtful_expression_0228e6ef-2663-4d04-9cf0-8ea086aa2066_2.png","og:image:width":1344,"og:image:height":896,"article:published_time":"2025-04-01T18:13:34+00:00","article:modified_time":"2025-04-08T22:08:40+00:00","article:publisher":"https:\/\/www.facebook.com\/beautyinstitutzuerich\/","twitter:card":"summary_large_image","twitter:title":"\u041b\u0435\u0447\u0435\u043d\u0438\u0435 - Beauty Institut Z\u00fcrich Seefeld","twitter:image":"https:\/\/www.beautyinstitut.ch\/wp-content\/uploads\/2025\/03\/strachi_image_of_a_russian_woman_with_a_thoughtful_expression_0228e6ef-2663-4d04-9cf0-8ea086aa2066_2.png"},"aioseo_meta_data":{"post_id":"2593","title":null,"description":null,"keywords":null,"keyphrases":null,"primary_term":null,"canonical_url":null,"og_title":null,"og_description":null,"og_object_type":"default","og_image_type":"default","og_image_url":null,"og_image_width":null,"og_image_height":null,"og_image_custom_url":null,"og_image_custom_fields":null,"og_video":null,"og_custom_url":null,"og_article_section":null,"og_article_tags":null,"twitter_use_og":false,"twitter_card":"default","twitter_image_type":"default","twitter_image_url":null,"twitter_image_custom_url":null,"twitter_image_custom_fields":null,"twitter_title":null,"twitter_description":null,"schema":{"blockGraphs":[],"customGraphs":[],"default":{"data":{"Article":[],"Course":[],"Dataset":[],"FAQPage":[],"Movie":[],"Person":[],"Product":[],"ProductReview":[],"Car":[],"Recipe":[],"Service":[],"SoftwareApplication":[],"WebPage":[]},"graphName":"","isEnabled":true},"graphs":[]},"schema_type":"default","schema_type_options":null,"pillar_content":false,"robots_default":true,"robots_noindex":false,"robots_noarchive":false,"robots_nosnippet":false,"robots_nofollow":false,"robots_noimageindex":false,"robots_noodp":false,"robots_notranslate":false,"robots_max_snippet":null,"robots_max_videopreview":null,"robots_max_imagepreview":"large","priority":null,"frequency":null,"local_seo":null,"seo_analyzer_scan_date":"2025-08-31 18:24:10","breadcrumb_settings":null,"limit_modified_date":false,"reviewed_by":null,"open_ai":null,"ai":null,"created":"2025-04-08 22:08:39","updated":"2025-11-28 20:22:49"},"aioseo_breadcrumb":"<div class=\"aioseo-breadcrumbs\"><span class=\"aioseo-breadcrumb\">\n\tBeauty\n<\/span><span class=\"aioseo-breadcrumb-separator\">\u00bb<\/span><span class=\"aioseo-breadcrumb\">\n\t<a href=\"https:\/\/www.beautyinstitut.ch\/ru\/\" title=\"Home\">Home<\/a>\n<\/span><span class=\"aioseo-breadcrumb-separator\">\u00bb<\/span><span class=\"aioseo-breadcrumb\">\n\t\u041b\u0435\u0447\u0435\u043d\u0438\u0435\n<\/span><\/div>","aioseo_breadcrumb_json":[{"label":"Beauty","link":""},{"label":"Home","link":"https:\/\/www.beautyinstitut.ch\/ru\/"},{"label":"\u041b\u0435\u0447\u0435\u043d\u0438\u0435","link":"https:\/\/www.beautyinstitut.ch\/ru\/%d0%bb%d0%b5%d1%87%d0%b5%d0%bd%d0%b8%d0%b5\/"}],"_links":{"self":[{"href":"https:\/\/www.beautyinstitut.ch\/ru\/wp-json\/wp\/v2\/pages\/2593","targetHints":{"allow":["GET"]}}],"collection":[{"href":"https:\/\/www.beautyinstitut.ch\/ru\/wp-json\/wp\/v2\/pages"}],"about":[{"href":"https:\/\/www.beautyinstitut.ch\/ru\/wp-json\/wp\/v2\/types\/page"}],"author":[{"embeddable":true,"href":"https:\/\/www.beautyinstitut.ch\/ru\/wp-json\/wp\/v2\/users\/1"}],"replies":[{"embeddable":true,"href":"https:\/\/www.beautyinstitut.ch\/ru\/wp-json\/wp\/v2\/comments?post=2593"}],"version-history":[{"count":0,"href":"https:\/\/www.beautyinstitut.ch\/ru\/wp-json\/wp\/v2\/pages\/2593\/revisions"}],"wp:attachment":[{"href":"https:\/\/www.beautyinstitut.ch\/ru\/wp-json\/wp\/v2\/media?parent=2593"}],"curies":[{"name":"wp","href":"https:\/\/api.w.org\/{rel}","templated":true}]}}